{"id":991,"date":"2025-05-16T22:48:10","date_gmt":"2025-05-17T04:48:10","guid":{"rendered":"https:\/\/dentalecodent.com\/?page_id=991"},"modified":"2025-05-16T22:49:42","modified_gmt":"2025-05-17T04:49:42","slug":"servicios-2-2-2-2-3-2-5-7","status":"publish","type":"page","link":"https:\/\/dentalecodent.com\/?page_id=991","title":{"rendered":"Placas de base resina con dientes de porcelana totales y parciales"},"content":{"rendered":"\n<p>Son <strong>pr\u00f3tesis removibles<\/strong> utilizadas para reemplazar dientes faltantes. Est\u00e1n hechas con una <strong>base de resina acr\u00edlica<\/strong> que se adapta a las enc\u00edas y llevan <strong>dientes de porcelana<\/strong> por su alta est\u00e9tica y durabilidad.<\/p>\n\n\n\n<ul class=\"wp-block-list\">\n<li><strong>Totales:<\/strong> Se usan cuando el paciente <strong>ha perdido todos los dientes<\/strong> de una arcada (superior o inferior).<\/li>\n\n\n\n<li><strong>Parciales:<\/strong> Se utilizan cuando <strong>quedan algunos dientes naturales<\/strong> que ayudan a sostener la pr\u00f3tesis.<\/li>\n<\/ul>\n\n\n\n<p class=\"has-foreground-color has-text-color has-link-color wp-elements-0acc96d1e5b2fdefa0311b60991bdd67\">Estas pr\u00f3tesis <strong>restauran la funci\u00f3n masticatoria, la est\u00e9tica facial y la pronunciaci\u00f3n<\/strong>, y representan una opci\u00f3n accesible y efectiva para rehabilitaci\u00f3n oral.<\/p>\n\n\n\n<figure class=\"wp-block-image aligncenter size-full is-resized is-style-default\"><img loading=\"lazy\" decoding=\"async\" width=\"1080\" height=\"1080\" src=\"https:\/\/dentalecodent.com\/wp-content\/uploads\/2025\/05\/WhatsApp-Image-2025-05-16-at-20.50.34_b77e8298.jpg\" alt=\"\" class=\"wp-image-998\" style=\"width:571px;height:auto\"\/><\/figure>\n","protected":false},"excerpt":{"rendered":"<p>Son pr\u00f3tesis removibles utilizadas para reemplazar dientes faltantes. Est\u00e1n hechas con una base de resina acr\u00edlica que se adapta a las enc\u00edas y llevan dientes de porcelana por su alta est\u00e9tica y durabilidad. Estas pr\u00f3tesis restauran la funci\u00f3n masticatoria, la est\u00e9tica facial y la pronunciaci\u00f3n, y representan una opci\u00f3n accesible y efectiva para rehabilitaci\u00f3n oral.<\/p>\n","protected":false},"author":4,"featured_media":0,"parent":0,"menu_order":0,"comment_status":"closed","ping_status":"closed","template":"","meta":{"footnotes":""},"class_list":["post-991","page","type-page","status-publish","hentry"],"jetpack_sharing_enabled":true,"_links":{"self":[{"href":"https:\/\/dentalecodent.com\/index.php?rest_route=\/wp\/v2\/pages\/991","targetHints":{"allow":["GET"]}}],"collection":[{"href":"https:\/\/dentalecodent.com\/index.php?rest_route=\/wp\/v2\/pages"}],"about":[{"href":"https:\/\/dentalecodent.com\/index.php?rest_route=\/wp\/v2\/types\/page"}],"author":[{"embeddable":true,"href":"https:\/\/dentalecodent.com\/index.php?rest_route=\/wp\/v2\/users\/4"}],"replies":[{"embeddable":true,"href":"https:\/\/dentalecodent.com\/index.php?rest_route=%2Fwp%2Fv2%2Fcomments&post=991"}],"version-history":[{"count":2,"href":"https:\/\/dentalecodent.com\/index.php?rest_route=\/wp\/v2\/pages\/991\/revisions"}],"predecessor-version":[{"id":1003,"href":"https:\/\/dentalecodent.com\/index.php?rest_route=\/wp\/v2\/pages\/991\/revisions\/1003"}],"wp:attachment":[{"href":"https:\/\/dentalecodent.com\/index.php?rest_route=%2Fwp%2Fv2%2Fmedia&parent=991"}],"curies":[{"name":"wp","href":"https:\/\/api.w.org\/{rel}","templated":true}]}}