{"id":952,"date":"2025-05-16T00:14:00","date_gmt":"2025-05-16T06:14:00","guid":{"rendered":"https:\/\/dentalecodent.com\/?page_id=952"},"modified":"2025-06-14T13:55:46","modified_gmt":"2025-06-14T19:55:46","slug":"servicios-2-2-2-2-3-2-5-21","status":"publish","type":"page","link":"https:\/\/dentalecodent.com\/?page_id=952","title":{"rendered":"Extracciones"},"content":{"rendered":"\n<p class=\"has-foreground-color has-text-color has-link-color wp-elements-e9a75ab9b2734a6a995af2e2c1253179\">Las <strong>extracciones dentales<\/strong> son procedimientos en los que se <strong>retira un diente de la boca<\/strong> porque est\u00e1 muy da\u00f1ado, infectado o en mala posici\u00f3n.<\/p>\n\n\n\n<p class=\"has-foreground-color has-text-color has-link-color wp-elements-694fd444100bab562a2776496998c9af\">Se realizan con anestesia local y, en casos complejos, pueden requerir cirug\u00eda m\u00e1s avanzada. El objetivo es <strong>eliminar el foco del problema y evitar complicaciones mayores<\/strong>.<\/p>\n\n\n\n<figure class=\"wp-block-image aligncenter size-full is-resized is-style-default\"><img loading=\"lazy\" decoding=\"async\" width=\"1080\" height=\"1080\" src=\"https:\/\/dentalecodent.com\/wp-content\/uploads\/2025\/05\/WhatsApp-Image-2025-05-11-at-21.03.53_7c0f13be.jpg\" alt=\"\" class=\"wp-image-867\" style=\"width:571px;height:auto\"\/><\/figure>\n","protected":false},"excerpt":{"rendered":"<p>Las extracciones dentales son procedimientos en los que se retira un diente de la boca porque est\u00e1 muy da\u00f1ado, infectado o en mala posici\u00f3n. Se realizan con anestesia local y, en casos complejos, pueden requerir cirug\u00eda m\u00e1s avanzada. El objetivo es eliminar el foco del problema y evitar complicaciones mayores.<\/p>\n","protected":false},"author":4,"featured_media":0,"parent":0,"menu_order":0,"comment_status":"closed","ping_status":"closed","template":"","meta":{"footnotes":""},"class_list":["post-952","page","type-page","status-publish","hentry"],"jetpack_sharing_enabled":true,"_links":{"self":[{"href":"https:\/\/dentalecodent.com\/index.php?rest_route=\/wp\/v2\/pages\/952","targetHints":{"allow":["GET"]}}],"collection":[{"href":"https:\/\/dentalecodent.com\/index.php?rest_route=\/wp\/v2\/pages"}],"about":[{"href":"https:\/\/dentalecodent.com\/index.php?rest_route=\/wp\/v2\/types\/page"}],"author":[{"embeddable":true,"href":"https:\/\/dentalecodent.com\/index.php?rest_route=\/wp\/v2\/users\/4"}],"replies":[{"embeddable":true,"href":"https:\/\/dentalecodent.com\/index.php?rest_route=%2Fwp%2Fv2%2Fcomments&post=952"}],"version-history":[{"count":2,"href":"https:\/\/dentalecodent.com\/index.php?rest_route=\/wp\/v2\/pages\/952\/revisions"}],"predecessor-version":[{"id":1091,"href":"https:\/\/dentalecodent.com\/index.php?rest_route=\/wp\/v2\/pages\/952\/revisions\/1091"}],"wp:attachment":[{"href":"https:\/\/dentalecodent.com\/index.php?rest_route=%2Fwp%2Fv2%2Fmedia&parent=952"}],"curies":[{"name":"wp","href":"https:\/\/api.w.org\/{rel}","templated":true}]}}