{"id":950,"date":"2025-05-16T00:12:52","date_gmt":"2025-05-16T06:12:52","guid":{"rendered":"https:\/\/dentalecodent.com\/?page_id=950"},"modified":"2025-06-14T13:54:59","modified_gmt":"2025-06-14T19:54:59","slug":"servicios-2-2-2-2-3-2-5-20","status":"publish","type":"page","link":"https:\/\/dentalecodent.com\/?page_id=950","title":{"rendered":"Dise\u00f1o de sonrisa"},"content":{"rendered":"\n<p class=\"has-foreground-color has-text-color has-link-color wp-elements-cc894fe8f5f73820f6415952fff6d062\">El <strong>dise\u00f1o de sonrisa<\/strong> es un tratamiento est\u00e9tico personalizado que busca <strong>mejorar la forma, tama\u00f1o, color y alineaci\u00f3n de los dientes<\/strong> para lograr una sonrisa arm\u00f3nica y atractiva.<\/p>\n\n\n\n<p>Se basa en un an\u00e1lisis detallado del rostro, labios, enc\u00edas y dientes, y puede incluir procedimientos como <strong>blanqueamiento, carillas, resinas, ortodoncia, coronas o contorneado dental<\/strong>.<\/p>\n\n\n\n<p class=\"has-foreground-color has-text-color has-link-color wp-elements-68031554b062921a1448d9a09540569e\">El objetivo es no solo embellecer la sonrisa, sino tambi\u00e9n que se vea <strong>natural y proporci\u00f3nada al rostro<\/strong> del paciente.<\/p>\n\n\n\n<figure class=\"wp-block-image aligncenter size-full is-resized is-style-rounded\"><img loading=\"lazy\" decoding=\"async\" width=\"600\" height=\"400\" src=\"https:\/\/dentalecodent.com\/wp-content\/uploads\/2025\/04\/f.png\" alt=\"\" class=\"wp-image-661\" style=\"width:571px;height:auto\"\/><\/figure>\n","protected":false},"excerpt":{"rendered":"<p>El dise\u00f1o de sonrisa es un tratamiento est\u00e9tico personalizado que busca mejorar la forma, tama\u00f1o, color y alineaci\u00f3n de los dientes para lograr una sonrisa arm\u00f3nica y atractiva. Se basa en un an\u00e1lisis detallado del rostro, labios, enc\u00edas y dientes, y puede incluir procedimientos como blanqueamiento, carillas, resinas, ortodoncia, coronas o contorneado dental. El objetivo [&hellip;]<\/p>\n","protected":false},"author":4,"featured_media":0,"parent":0,"menu_order":0,"comment_status":"closed","ping_status":"closed","template":"","meta":{"footnotes":""},"class_list":["post-950","page","type-page","status-publish","hentry"],"jetpack_sharing_enabled":true,"_links":{"self":[{"href":"https:\/\/dentalecodent.com\/index.php?rest_route=\/wp\/v2\/pages\/950","targetHints":{"allow":["GET"]}}],"collection":[{"href":"https:\/\/dentalecodent.com\/index.php?rest_route=\/wp\/v2\/pages"}],"about":[{"href":"https:\/\/dentalecodent.com\/index.php?rest_route=\/wp\/v2\/types\/page"}],"author":[{"embeddable":true,"href":"https:\/\/dentalecodent.com\/index.php?rest_route=\/wp\/v2\/users\/4"}],"replies":[{"embeddable":true,"href":"https:\/\/dentalecodent.com\/index.php?rest_route=%2Fwp%2Fv2%2Fcomments&post=950"}],"version-history":[{"count":3,"href":"https:\/\/dentalecodent.com\/index.php?rest_route=\/wp\/v2\/pages\/950\/revisions"}],"predecessor-version":[{"id":1090,"href":"https:\/\/dentalecodent.com\/index.php?rest_route=\/wp\/v2\/pages\/950\/revisions\/1090"}],"wp:attachment":[{"href":"https:\/\/dentalecodent.com\/index.php?rest_route=%2Fwp%2Fv2%2Fmedia&parent=950"}],"curies":[{"name":"wp","href":"https:\/\/api.w.org\/{rel}","templated":true}]}}