{"id":948,"date":"2025-05-16T00:11:36","date_gmt":"2025-05-16T06:11:36","guid":{"rendered":"https:\/\/dentalecodent.com\/?page_id=948"},"modified":"2025-06-14T13:50:55","modified_gmt":"2025-06-14T19:50:55","slug":"servicios-2-2-2-2-3-2-5-19","status":"publish","type":"page","link":"https:\/\/dentalecodent.com\/?page_id=948","title":{"rendered":"Rehabilitacion bucal con resina cer\u00e1mica y resina h\u00edbrida"},"content":{"rendered":"\n<p class=\"has-foreground-color has-text-color has-link-color wp-elements-e6920b0ae78c386fceae802311a7b7b2\">La <strong>rehabilitaci\u00f3n bucal con resina cer\u00e1mica y resina h\u00edbrida<\/strong> es un tratamiento que se usa para reparar dientes da\u00f1ados o deteriorados, devolvi\u00e9ndoles forma, funci\u00f3n y apariencia natural.<\/p>\n\n\n\n<ul class=\"wp-block-list\">\n<li>La <strong>resina cer\u00e1mica<\/strong> es un material muy resistente y est\u00e9tico, parecido al esmalte natural, ideal para restauraciones grandes o donde se requiere m\u00e1s durabilidad.<\/li>\n\n\n\n<li>La <strong>resina h\u00edbrida<\/strong> ofrece buena est\u00e9tica y resistencia.<\/li>\n<\/ul>\n\n\n\n<p class=\"has-foreground-color has-text-color has-link-color wp-elements-53d940e9e776f4c6d05c7c819943c7a2\">Ambas opciones ayudan a que los dientes funcionen bien y se vean bien, adapt\u00e1ndose a las necesidades y presupuesto del paciente.<\/p>\n\n\n\n<figure class=\"wp-block-image aligncenter size-full is-resized is-style-default\"><img loading=\"lazy\" decoding=\"async\" width=\"819\" height=\"452\" src=\"https:\/\/dentalecodent.com\/wp-content\/uploads\/2025\/04\/resina.jpg\" alt=\"\" class=\"wp-image-663\" style=\"width:571px;height:auto\"\/><\/figure>\n","protected":false},"excerpt":{"rendered":"<p>La rehabilitaci\u00f3n bucal con resina cer\u00e1mica y resina h\u00edbrida es un tratamiento que se usa para reparar dientes da\u00f1ados o deteriorados, devolvi\u00e9ndoles forma, funci\u00f3n y apariencia natural. Ambas opciones ayudan a que los dientes funcionen bien y se vean bien, adapt\u00e1ndose a las necesidades y presupuesto del paciente.<\/p>\n","protected":false},"author":4,"featured_media":0,"parent":0,"menu_order":0,"comment_status":"closed","ping_status":"closed","template":"","meta":{"footnotes":""},"class_list":["post-948","page","type-page","status-publish","hentry"],"jetpack_sharing_enabled":true,"_links":{"self":[{"href":"https:\/\/dentalecodent.com\/index.php?rest_route=\/wp\/v2\/pages\/948","targetHints":{"allow":["GET"]}}],"collection":[{"href":"https:\/\/dentalecodent.com\/index.php?rest_route=\/wp\/v2\/pages"}],"about":[{"href":"https:\/\/dentalecodent.com\/index.php?rest_route=\/wp\/v2\/types\/page"}],"author":[{"embeddable":true,"href":"https:\/\/dentalecodent.com\/index.php?rest_route=\/wp\/v2\/users\/4"}],"replies":[{"embeddable":true,"href":"https:\/\/dentalecodent.com\/index.php?rest_route=%2Fwp%2Fv2%2Fcomments&post=948"}],"version-history":[{"count":2,"href":"https:\/\/dentalecodent.com\/index.php?rest_route=\/wp\/v2\/pages\/948\/revisions"}],"predecessor-version":[{"id":1088,"href":"https:\/\/dentalecodent.com\/index.php?rest_route=\/wp\/v2\/pages\/948\/revisions\/1088"}],"wp:attachment":[{"href":"https:\/\/dentalecodent.com\/index.php?rest_route=%2Fwp%2Fv2%2Fmedia&parent=948"}],"curies":[{"name":"wp","href":"https:\/\/api.w.org\/{rel}","templated":true}]}}