{"id":944,"date":"2025-05-16T00:06:52","date_gmt":"2025-05-16T06:06:52","guid":{"rendered":"https:\/\/dentalecodent.com\/?page_id=944"},"modified":"2025-06-14T13:43:54","modified_gmt":"2025-06-14T19:43:54","slug":"servicios-2-2-2-2-3-2-5-17","status":"publish","type":"page","link":"https:\/\/dentalecodent.com\/?page_id=944","title":{"rendered":"Cirug\u00edas"},"content":{"rendered":"\n<p class=\"has-foreground-color has-text-color has-link-color wp-elements-b76183bbc7ace00433e5731e6f318d8a\">Son procedimientos cl\u00ednicos invasivos realizados en la cavidad oral con fines <strong>terap\u00e9uticos, funcionales o est\u00e9ticos<\/strong>. Pueden involucrar dientes, enc\u00edas, hueso maxilar o tejidos blandos.<\/p>\n\n\n\n<p>Principales tipos:<\/p>\n\n\n\n<ol class=\"wp-block-list\">\n<li><strong>Extracciones quir\u00fargicas<\/strong>.<\/li>\n\n\n\n<li><strong>Cirug\u00eda periodontal:<\/strong> Tratamiento de enc\u00edas afectadas por enfermedades como la periodontitis.<\/li>\n\n\n\n<li><strong>Cirug\u00eda preprot\u00e9sica:<\/strong> Preparaci\u00f3n del hueso y enc\u00eda para colocar pr\u00f3tesis dentales.<\/li>\n\n\n\n<li><strong>Frenilectom\u00eda o frenotom\u00eda:<\/strong> Eliminaci\u00f3n o modificaci\u00f3n de frenillos bucales que afectan la mordida o el habla.<\/li>\n\n\n\n<li><strong>Cirug\u00eda de muela de juicio:<\/strong> Tratamiento para el retiro de terceros molares retenidos dentro del hueso<\/li>\n<\/ol>\n\n\n\n<p class=\"has-foreground-color has-text-color has-link-color wp-elements-a01bee4d067be45296ebb3ed83287df2\">Estas intervenciones son clave en la <strong>rehabilitaci\u00f3n oral integral<\/strong> y en la <strong>mejora funcional y est\u00e9tica<\/strong> de la cavidad bucal.<\/p>\n\n\n\n<figure class=\"wp-block-image aligncenter size-full is-resized is-style-default\"><img loading=\"lazy\" decoding=\"async\" width=\"1600\" height=\"901\" src=\"https:\/\/dentalecodent.com\/wp-content\/uploads\/2025\/05\/WhatsApp-Image-2025-05-11-at-21.03.52_38e6c1a3.jpg\" alt=\"\" class=\"wp-image-860\" style=\"width:571px;height:auto\"\/><\/figure>\n","protected":false},"excerpt":{"rendered":"<p>Son procedimientos cl\u00ednicos invasivos realizados en la cavidad oral con fines terap\u00e9uticos, funcionales o est\u00e9ticos. Pueden involucrar dientes, enc\u00edas, hueso maxilar o tejidos blandos. Principales tipos: Estas intervenciones son clave en la rehabilitaci\u00f3n oral integral y en la mejora funcional y est\u00e9tica de la cavidad bucal.<\/p>\n","protected":false},"author":4,"featured_media":0,"parent":0,"menu_order":0,"comment_status":"closed","ping_status":"closed","template":"","meta":{"footnotes":""},"class_list":["post-944","page","type-page","status-publish","hentry"],"jetpack_sharing_enabled":true,"_links":{"self":[{"href":"https:\/\/dentalecodent.com\/index.php?rest_route=\/wp\/v2\/pages\/944","targetHints":{"allow":["GET"]}}],"collection":[{"href":"https:\/\/dentalecodent.com\/index.php?rest_route=\/wp\/v2\/pages"}],"about":[{"href":"https:\/\/dentalecodent.com\/index.php?rest_route=\/wp\/v2\/types\/page"}],"author":[{"embeddable":true,"href":"https:\/\/dentalecodent.com\/index.php?rest_route=\/wp\/v2\/users\/4"}],"replies":[{"embeddable":true,"href":"https:\/\/dentalecodent.com\/index.php?rest_route=%2Fwp%2Fv2%2Fcomments&post=944"}],"version-history":[{"count":3,"href":"https:\/\/dentalecodent.com\/index.php?rest_route=\/wp\/v2\/pages\/944\/revisions"}],"predecessor-version":[{"id":1082,"href":"https:\/\/dentalecodent.com\/index.php?rest_route=\/wp\/v2\/pages\/944\/revisions\/1082"}],"wp:attachment":[{"href":"https:\/\/dentalecodent.com\/index.php?rest_route=%2Fwp%2Fv2%2Fmedia&parent=944"}],"curies":[{"name":"wp","href":"https:\/\/api.w.org\/{rel}","templated":true}]}}