{"id":942,"date":"2025-05-15T23:27:07","date_gmt":"2025-05-16T05:27:07","guid":{"rendered":"https:\/\/dentalecodent.com\/?page_id=942"},"modified":"2025-06-14T13:45:27","modified_gmt":"2025-06-14T19:45:27","slug":"servicios-2-2-2-2-3-2-5-16","status":"publish","type":"page","link":"https:\/\/dentalecodent.com\/?page_id=942","title":{"rendered":"Pr\u00f3tesis dentales"},"content":{"rendered":"\n<p class=\"has-foreground-color has-text-color has-link-color wp-elements-f2f68e0fbbe4bf9300c5d0465a6cff77\"><strong>Pr\u00f3tesis dentales:<\/strong> Son dispositivos dise\u00f1ados para <strong>reemplazar uno o varios dientes ausentes<\/strong>, con el objetivo de <strong>restaurar la funci\u00f3n masticatoria, la est\u00e9tica facial y la fonaci\u00f3n<\/strong>. Tambi\u00e9n ayudan a <strong>mantener la alineaci\u00f3n de los dientes restantes<\/strong>.<\/p>\n\n\n\n<p>Existen dos tipos principales:<\/p>\n\n\n\n<ol class=\"wp-block-list\">\n<li><strong>Pr\u00f3tesis removibles:<\/strong>\n<ul class=\"wp-block-list\">\n<li>Se pueden quitar y volver a colocar.<\/li>\n\n\n\n<li>Incluyen las <strong>parciales<\/strong> (cuando a\u00fan hay dientes naturales) y las <strong>totales<\/strong> (cuando no hay ning\u00fan diente).<\/li>\n\n\n\n<li>Fabricadas con acr\u00edlico, metal o una combinaci\u00f3n de ambos.<\/li>\n<\/ul>\n<\/li>\n\n\n\n<li><strong>Pr\u00f3tesis fijas:<\/strong>\n<ul class=\"wp-block-list\">\n<li>Cementadas de forma permanente sobre dientes naturales.<\/li>\n\n\n\n<li>Incluyen <strong>coronas, puentes fijos de metal, resina, porcelana y circonita.<\/strong><\/li>\n\n\n\n<li>Ofrecen mayor estabilidad y est\u00e9tica, pero requieren mayor soporte.<\/li>\n<\/ul>\n<\/li>\n<\/ol>\n\n\n\n<figure class=\"wp-block-image aligncenter size-full is-resized is-style-default\"><img loading=\"lazy\" decoding=\"async\" width=\"1080\" height=\"1080\" src=\"https:\/\/dentalecodent.com\/wp-content\/uploads\/2025\/05\/WhatsApp-Image-2025-05-11-at-21.03.53_641aa875.jpg\" alt=\"\" class=\"wp-image-869\" style=\"width:571px;height:auto\"\/><\/figure>\n","protected":false},"excerpt":{"rendered":"<p>Pr\u00f3tesis dentales: Son dispositivos dise\u00f1ados para reemplazar uno o varios dientes ausentes, con el objetivo de restaurar la funci\u00f3n masticatoria, la est\u00e9tica facial y la fonaci\u00f3n. Tambi\u00e9n ayudan a mantener la alineaci\u00f3n de los dientes restantes. Existen dos tipos principales:<\/p>\n","protected":false},"author":4,"featured_media":0,"parent":0,"menu_order":0,"comment_status":"closed","ping_status":"closed","template":"","meta":{"footnotes":""},"class_list":["post-942","page","type-page","status-publish","hentry"],"jetpack_sharing_enabled":true,"_links":{"self":[{"href":"https:\/\/dentalecodent.com\/index.php?rest_route=\/wp\/v2\/pages\/942","targetHints":{"allow":["GET"]}}],"collection":[{"href":"https:\/\/dentalecodent.com\/index.php?rest_route=\/wp\/v2\/pages"}],"about":[{"href":"https:\/\/dentalecodent.com\/index.php?rest_route=\/wp\/v2\/types\/page"}],"author":[{"embeddable":true,"href":"https:\/\/dentalecodent.com\/index.php?rest_route=\/wp\/v2\/users\/4"}],"replies":[{"embeddable":true,"href":"https:\/\/dentalecodent.com\/index.php?rest_route=%2Fwp%2Fv2%2Fcomments&post=942"}],"version-history":[{"count":4,"href":"https:\/\/dentalecodent.com\/index.php?rest_route=\/wp\/v2\/pages\/942\/revisions"}],"predecessor-version":[{"id":1084,"href":"https:\/\/dentalecodent.com\/index.php?rest_route=\/wp\/v2\/pages\/942\/revisions\/1084"}],"wp:attachment":[{"href":"https:\/\/dentalecodent.com\/index.php?rest_route=%2Fwp%2Fv2%2Fmedia&parent=942"}],"curies":[{"name":"wp","href":"https:\/\/api.w.org\/{rel}","templated":true}]}}