{"id":921,"date":"2025-05-14T17:08:50","date_gmt":"2025-05-14T23:08:50","guid":{"rendered":"https:\/\/dentalecodent.com\/?page_id=921"},"modified":"2025-06-14T14:32:53","modified_gmt":"2025-06-14T20:32:53","slug":"servicios-2-2-2-2-3-2-5-11","status":"publish","type":"page","link":"https:\/\/dentalecodent.com\/?page_id=921","title":{"rendered":"Puentes fijos de cromo"},"content":{"rendered":"\n<p class=\"has-foreground-color has-text-color has-link-color wp-elements-38346f12da09ee2e081ff7b7cb8ab15b\">Restauraciones dentales fijas elaboradas con una estructura met\u00e1lica de cromo, recubiertas con resina o porcelana para lograr una apariencia est\u00e9tica y natural. Son una soluci\u00f3n duradera para reemplazar uno o varios dientes ausentes, restaurando la funcionalidad masticatoria y la armon\u00eda de la sonrisa.<\/p>\n\n\n\n<figure class=\"wp-block-image aligncenter size-full is-resized is-style-default\"><img loading=\"lazy\" decoding=\"async\" width=\"1080\" height=\"1080\" src=\"https:\/\/dentalecodent.com\/wp-content\/uploads\/2025\/05\/WhatsApp-Image-2025-05-16-at-20.50.34_b77e8298.jpg\" alt=\"\" class=\"wp-image-998\" style=\"width:571px;height:auto\"\/><\/figure>\n","protected":false},"excerpt":{"rendered":"<p>Restauraciones dentales fijas elaboradas con una estructura met\u00e1lica de cromo, recubiertas con resina o porcelana para lograr una apariencia est\u00e9tica y natural. Son una soluci\u00f3n duradera para reemplazar uno o varios dientes ausentes, restaurando la funcionalidad masticatoria y la armon\u00eda de la sonrisa.<\/p>\n","protected":false},"author":4,"featured_media":0,"parent":0,"menu_order":0,"comment_status":"closed","ping_status":"closed","template":"","meta":{"footnotes":""},"class_list":["post-921","page","type-page","status-publish","hentry"],"jetpack_sharing_enabled":true,"_links":{"self":[{"href":"https:\/\/dentalecodent.com\/index.php?rest_route=\/wp\/v2\/pages\/921","targetHints":{"allow":["GET"]}}],"collection":[{"href":"https:\/\/dentalecodent.com\/index.php?rest_route=\/wp\/v2\/pages"}],"about":[{"href":"https:\/\/dentalecodent.com\/index.php?rest_route=\/wp\/v2\/types\/page"}],"author":[{"embeddable":true,"href":"https:\/\/dentalecodent.com\/index.php?rest_route=\/wp\/v2\/users\/4"}],"replies":[{"embeddable":true,"href":"https:\/\/dentalecodent.com\/index.php?rest_route=%2Fwp%2Fv2%2Fcomments&post=921"}],"version-history":[{"count":2,"href":"https:\/\/dentalecodent.com\/index.php?rest_route=\/wp\/v2\/pages\/921\/revisions"}],"predecessor-version":[{"id":1110,"href":"https:\/\/dentalecodent.com\/index.php?rest_route=\/wp\/v2\/pages\/921\/revisions\/1110"}],"wp:attachment":[{"href":"https:\/\/dentalecodent.com\/index.php?rest_route=%2Fwp%2Fv2%2Fmedia&parent=921"}],"curies":[{"name":"wp","href":"https:\/\/api.w.org\/{rel}","templated":true}]}}