{"id":899,"date":"2025-05-14T16:54:55","date_gmt":"2025-05-14T22:54:55","guid":{"rendered":"https:\/\/dentalecodent.com\/?page_id=899"},"modified":"2025-06-14T14:32:24","modified_gmt":"2025-06-14T20:32:24","slug":"servicios-2-2-2-2-3-2-4","status":"publish","type":"page","link":"https:\/\/dentalecodent.com\/?page_id=899","title":{"rendered":"Incrustaciones met\u00e1licas y resina"},"content":{"rendered":"\n<p class=\"has-foreground-color has-text-color has-link-color wp-elements-2366e0624b85b48c9b770cfb9aef579c\">Restauraciones parciales utilizadas para reconstruir dientes con p\u00e9rdida moderada de estructura, preservando al m\u00e1ximo el tejido dental sano. Las incrustaciones met\u00e1licas ofrecen una soluci\u00f3n duradera y resistente, ideales para zonas de alta carga oclusal, mientras que las de resina brindan una alternativa est\u00e9tica, discreta y funcional.<\/p>\n\n\n\n<figure class=\"wp-block-image aligncenter size-full is-resized is-style-default\"><img loading=\"lazy\" decoding=\"async\" width=\"1080\" height=\"1080\" src=\"https:\/\/dentalecodent.com\/wp-content\/uploads\/2025\/05\/WhatsApp-Image-2025-05-16-at-20.50.34_b77e8298.jpg\" alt=\"\" class=\"wp-image-998\" style=\"width:571px;height:auto\"\/><\/figure>\n","protected":false},"excerpt":{"rendered":"<p>Restauraciones parciales utilizadas para reconstruir dientes con p\u00e9rdida moderada de estructura, preservando al m\u00e1ximo el tejido dental sano. Las incrustaciones met\u00e1licas ofrecen una soluci\u00f3n duradera y resistente, ideales para zonas de alta carga oclusal, mientras que las de resina brindan una alternativa est\u00e9tica, discreta y funcional.<\/p>\n","protected":false},"author":4,"featured_media":0,"parent":0,"menu_order":0,"comment_status":"closed","ping_status":"closed","template":"","meta":{"footnotes":""},"class_list":["post-899","page","type-page","status-publish","hentry"],"jetpack_sharing_enabled":true,"_links":{"self":[{"href":"https:\/\/dentalecodent.com\/index.php?rest_route=\/wp\/v2\/pages\/899","targetHints":{"allow":["GET"]}}],"collection":[{"href":"https:\/\/dentalecodent.com\/index.php?rest_route=\/wp\/v2\/pages"}],"about":[{"href":"https:\/\/dentalecodent.com\/index.php?rest_route=\/wp\/v2\/types\/page"}],"author":[{"embeddable":true,"href":"https:\/\/dentalecodent.com\/index.php?rest_route=\/wp\/v2\/users\/4"}],"replies":[{"embeddable":true,"href":"https:\/\/dentalecodent.com\/index.php?rest_route=%2Fwp%2Fv2%2Fcomments&post=899"}],"version-history":[{"count":2,"href":"https:\/\/dentalecodent.com\/index.php?rest_route=\/wp\/v2\/pages\/899\/revisions"}],"predecessor-version":[{"id":1108,"href":"https:\/\/dentalecodent.com\/index.php?rest_route=\/wp\/v2\/pages\/899\/revisions\/1108"}],"wp:attachment":[{"href":"https:\/\/dentalecodent.com\/index.php?rest_route=%2Fwp%2Fv2%2Fmedia&parent=899"}],"curies":[{"name":"wp","href":"https:\/\/api.w.org\/{rel}","templated":true}]}}