{"id":883,"date":"2025-05-14T16:39:08","date_gmt":"2025-05-14T22:39:08","guid":{"rendered":"https:\/\/dentalecodent.com\/?page_id=883"},"modified":"2025-06-14T14:34:16","modified_gmt":"2025-06-14T20:34:16","slug":"servicios-2-2","status":"publish","type":"page","link":"https:\/\/dentalecodent.com\/?page_id=883","title":{"rendered":"Placa Hawley o retenedor"},"content":{"rendered":"\n<p class=\"has-foreground-color has-text-color has-link-color wp-elements-ab2a7e2283dc0bcecc4a3b63300c4fd5\">Dispositivo de retenci\u00f3n utilizado tras un tratamiento ortod\u00f3ntico para mantener la posici\u00f3n de los dientes y evitar su desplazamiento. Fabricada en acr\u00edlico y alambre met\u00e1lico, la placa Hawley ofrece una soluci\u00f3n c\u00f3moda y ajustable, permitiendo que el paciente mantenga los resultados obtenidos en el tratamiento ortod\u00f3ntico.<\/p>\n\n\n\n<figure class=\"wp-block-image aligncenter size-full is-resized\"><img loading=\"lazy\" decoding=\"async\" width=\"1080\" height=\"1080\" src=\"https:\/\/dentalecodent.com\/wp-content\/uploads\/2025\/05\/WhatsApp-Image-2025-05-16-at-20.50.34_b77e8298.jpg\" alt=\"\" class=\"wp-image-998\" style=\"object-fit:cover;width:516px;height:auto\"\/><\/figure>\n","protected":false},"excerpt":{"rendered":"<p>Dispositivo de retenci\u00f3n utilizado tras un tratamiento ortod\u00f3ntico para mantener la posici\u00f3n de los dientes y evitar su desplazamiento. Fabricada en acr\u00edlico y alambre met\u00e1lico, la placa Hawley ofrece una soluci\u00f3n c\u00f3moda y ajustable, permitiendo que el paciente mantenga los resultados obtenidos en el tratamiento ortod\u00f3ntico.<\/p>\n","protected":false},"author":4,"featured_media":0,"parent":0,"menu_order":0,"comment_status":"closed","ping_status":"closed","template":"","meta":{"footnotes":""},"class_list":["post-883","page","type-page","status-publish","hentry"],"jetpack_sharing_enabled":true,"_links":{"self":[{"href":"https:\/\/dentalecodent.com\/index.php?rest_route=\/wp\/v2\/pages\/883","targetHints":{"allow":["GET"]}}],"collection":[{"href":"https:\/\/dentalecodent.com\/index.php?rest_route=\/wp\/v2\/pages"}],"about":[{"href":"https:\/\/dentalecodent.com\/index.php?rest_route=\/wp\/v2\/types\/page"}],"author":[{"embeddable":true,"href":"https:\/\/dentalecodent.com\/index.php?rest_route=\/wp\/v2\/users\/4"}],"replies":[{"embeddable":true,"href":"https:\/\/dentalecodent.com\/index.php?rest_route=%2Fwp%2Fv2%2Fcomments&post=883"}],"version-history":[{"count":3,"href":"https:\/\/dentalecodent.com\/index.php?rest_route=\/wp\/v2\/pages\/883\/revisions"}],"predecessor-version":[{"id":1112,"href":"https:\/\/dentalecodent.com\/index.php?rest_route=\/wp\/v2\/pages\/883\/revisions\/1112"}],"wp:attachment":[{"href":"https:\/\/dentalecodent.com\/index.php?rest_route=%2Fwp%2Fv2%2Fmedia&parent=883"}],"curies":[{"name":"wp","href":"https:\/\/api.w.org\/{rel}","templated":true}]}}