{"id":1066,"date":"2025-05-17T19:24:42","date_gmt":"2025-05-18T01:24:42","guid":{"rendered":"https:\/\/dentalecodent.com\/?page_id=1066"},"modified":"2025-05-17T19:24:42","modified_gmt":"2025-05-18T01:24:42","slug":"servicios-2-2-2-2-3-2-5-51","status":"publish","type":"page","link":"https:\/\/dentalecodent.com\/?page_id=1066","title":{"rendered":"Blanqueamiento dental"},"content":{"rendered":"\n<p>Tratamiento est\u00e9tico que busca <strong>aclarar el color natural de los dientes<\/strong>, eliminando manchas internas y externas causadas por alimentos, h\u00e1bitos o envejecimiento.<\/p>\n\n\n\n<p>Se realiza mediante la aplicaci\u00f3n de agentes blanqueadores, como el per\u00f3xido de hidr\u00f3geno o carbamida, en consultorio o en casa bajo supervisi\u00f3n profesional.<\/p>\n\n\n\n<p class=\"has-foreground-color has-text-color has-link-color wp-elements-fe93c5d10bf27bf6adbe46f423f8cf85\">El objetivo es lograr una sonrisa m\u00e1s blanca y luminosa, mejorando la apariencia facial y la confianza del paciente.<\/p>\n\n\n\n<figure class=\"wp-block-image aligncenter size-full is-resized is-style-default\"><img loading=\"lazy\" decoding=\"async\" width=\"1080\" height=\"1080\" src=\"https:\/\/dentalecodent.com\/wp-content\/uploads\/2025\/05\/WhatsApp-Image-2025-05-11-at-21.03.52_50c58e64.jpg\" alt=\"\" class=\"wp-image-861\" style=\"width:571px;height:auto\"\/><\/figure>\n","protected":false},"excerpt":{"rendered":"<p>Tratamiento est\u00e9tico que busca aclarar el color natural de los dientes, eliminando manchas internas y externas causadas por alimentos, h\u00e1bitos o envejecimiento. Se realiza mediante la aplicaci\u00f3n de agentes blanqueadores, como el per\u00f3xido de hidr\u00f3geno o carbamida, en consultorio o en casa bajo supervisi\u00f3n profesional. El objetivo es lograr una sonrisa m\u00e1s blanca y luminosa, [&hellip;]<\/p>\n","protected":false},"author":4,"featured_media":0,"parent":0,"menu_order":0,"comment_status":"closed","ping_status":"closed","template":"","meta":{"footnotes":""},"class_list":["post-1066","page","type-page","status-publish","hentry"],"jetpack_sharing_enabled":true,"_links":{"self":[{"href":"https:\/\/dentalecodent.com\/index.php?rest_route=\/wp\/v2\/pages\/1066","targetHints":{"allow":["GET"]}}],"collection":[{"href":"https:\/\/dentalecodent.com\/index.php?rest_route=\/wp\/v2\/pages"}],"about":[{"href":"https:\/\/dentalecodent.com\/index.php?rest_route=\/wp\/v2\/types\/page"}],"author":[{"embeddable":true,"href":"https:\/\/dentalecodent.com\/index.php?rest_route=\/wp\/v2\/users\/4"}],"replies":[{"embeddable":true,"href":"https:\/\/dentalecodent.com\/index.php?rest_route=%2Fwp%2Fv2%2Fcomments&post=1066"}],"version-history":[{"count":1,"href":"https:\/\/dentalecodent.com\/index.php?rest_route=\/wp\/v2\/pages\/1066\/revisions"}],"predecessor-version":[{"id":1067,"href":"https:\/\/dentalecodent.com\/index.php?rest_route=\/wp\/v2\/pages\/1066\/revisions\/1067"}],"wp:attachment":[{"href":"https:\/\/dentalecodent.com\/index.php?rest_route=%2Fwp%2Fv2%2Fmedia&parent=1066"}],"curies":[{"name":"wp","href":"https:\/\/api.w.org\/{rel}","templated":true}]}}