{"id":1064,"date":"2025-05-17T19:23:50","date_gmt":"2025-05-18T01:23:50","guid":{"rendered":"https:\/\/dentalecodent.com\/?page_id=1064"},"modified":"2025-05-17T19:23:50","modified_gmt":"2025-05-18T01:23:50","slug":"servicios-2-2-2-2-3-2-5-50","status":"publish","type":"page","link":"https:\/\/dentalecodent.com\/?page_id=1064","title":{"rendered":"Limpieza dental"},"content":{"rendered":"\n<p>Este es un procedimiento b\u00e1sico y preventivo que consiste en la <strong>eliminaci\u00f3n de placa bacteriana, sarro y manchas superficiales<\/strong> de los dientes mediante instrumentos manuales o ultras\u00f3nicos.<\/p>\n\n\n\n<p>Su objetivo es mantener la salud bucal, prevenir caries y enfermedades periodontales, y mejorar la est\u00e9tica dental.<\/p>\n\n\n\n<p class=\"has-foreground-color has-text-color has-link-color wp-elements-2e7670cb4b3cfe9c81fad66b1d4c185f\">Se recomienda realizarla peri\u00f3dicamente como parte del cuidado integral, acompa\u00f1ada de consejos de higiene oral personalizada.<\/p>\n\n\n\n<figure class=\"wp-block-image aligncenter size-full is-resized is-style-default\"><img loading=\"lazy\" decoding=\"async\" width=\"1080\" height=\"1080\" src=\"https:\/\/dentalecodent.com\/wp-content\/uploads\/2025\/05\/WhatsApp-Image-2025-05-16-at-20.50.34_3bbb7a70.jpg\" alt=\"\" class=\"wp-image-992\" style=\"width:571px;height:auto\"\/><\/figure>\n","protected":false},"excerpt":{"rendered":"<p>Este es un procedimiento b\u00e1sico y preventivo que consiste en la eliminaci\u00f3n de placa bacteriana, sarro y manchas superficiales de los dientes mediante instrumentos manuales o ultras\u00f3nicos. Su objetivo es mantener la salud bucal, prevenir caries y enfermedades periodontales, y mejorar la est\u00e9tica dental. Se recomienda realizarla peri\u00f3dicamente como parte del cuidado integral, acompa\u00f1ada de [&hellip;]<\/p>\n","protected":false},"author":4,"featured_media":0,"parent":0,"menu_order":0,"comment_status":"closed","ping_status":"closed","template":"","meta":{"footnotes":""},"class_list":["post-1064","page","type-page","status-publish","hentry"],"jetpack_sharing_enabled":true,"_links":{"self":[{"href":"https:\/\/dentalecodent.com\/index.php?rest_route=\/wp\/v2\/pages\/1064","targetHints":{"allow":["GET"]}}],"collection":[{"href":"https:\/\/dentalecodent.com\/index.php?rest_route=\/wp\/v2\/pages"}],"about":[{"href":"https:\/\/dentalecodent.com\/index.php?rest_route=\/wp\/v2\/types\/page"}],"author":[{"embeddable":true,"href":"https:\/\/dentalecodent.com\/index.php?rest_route=\/wp\/v2\/users\/4"}],"replies":[{"embeddable":true,"href":"https:\/\/dentalecodent.com\/index.php?rest_route=%2Fwp%2Fv2%2Fcomments&post=1064"}],"version-history":[{"count":1,"href":"https:\/\/dentalecodent.com\/index.php?rest_route=\/wp\/v2\/pages\/1064\/revisions"}],"predecessor-version":[{"id":1065,"href":"https:\/\/dentalecodent.com\/index.php?rest_route=\/wp\/v2\/pages\/1064\/revisions\/1065"}],"wp:attachment":[{"href":"https:\/\/dentalecodent.com\/index.php?rest_route=%2Fwp%2Fv2%2Fmedia&parent=1064"}],"curies":[{"name":"wp","href":"https:\/\/api.w.org\/{rel}","templated":true}]}}