{"id":1055,"date":"2025-05-17T19:17:56","date_gmt":"2025-05-18T01:17:56","guid":{"rendered":"https:\/\/dentalecodent.com\/?page_id=1055"},"modified":"2025-05-17T19:17:56","modified_gmt":"2025-05-18T01:17:56","slug":"servicios-2-2-2-2-3-2-5-46","status":"publish","type":"page","link":"https:\/\/dentalecodent.com\/?page_id=1055","title":{"rendered":"Resinas para adultos (piezas permanentes) y ni\u00f1os (piezas temporales)"},"content":{"rendered":"\n<ul class=\"wp-block-list\">\n<li><strong>Resinas para adultos:<\/strong> Materiales compuestos, generalmente h\u00edbridos o de alta resistencia, dise\u00f1ados para restaurar dientes permanentes con un acabado est\u00e9tico y duradero. Soportan mayor carga masticatoria y desgaste, ideales para restauraciones funcionales en incisivos, premolares y molares.<\/li>\n\n\n\n<li><strong>Resinas para ni\u00f1os:<\/strong> Formuladas para dientes temporales, son m\u00e1s f\u00e1ciles de manipular y tienen buena adhesi\u00f3n, pero menor resistencia al desgaste, ya que la duraci\u00f3n esperada es limitada. Su funci\u00f3n principal es proteger y restaurar temporalmente hasta que el diente permanente erupcione.<\/li>\n<\/ul>\n\n\n\n<p class=\"has-foreground-color has-text-color has-link-color wp-elements-f1865aaebe09f404fe88c9ec7a9056c5\">Ambas se adaptan a las necesidades espec\u00edficas seg\u00fan la dentici\u00f3n y la funci\u00f3n, buscando restaurar la est\u00e9tica y funci\u00f3n dental de manera eficiente.<\/p>\n\n\n\n<figure class=\"wp-block-image aligncenter size-full is-resized is-style-default\"><img loading=\"lazy\" decoding=\"async\" width=\"1080\" height=\"1080\" src=\"https:\/\/dentalecodent.com\/wp-content\/uploads\/2025\/05\/WhatsApp-Image-2025-05-11-at-21.03.51_6e10e95b.jpg\" alt=\"\" class=\"wp-image-854\" style=\"width:571px;height:auto\"\/><\/figure>\n","protected":false},"excerpt":{"rendered":"<p>Ambas se adaptan a las necesidades espec\u00edficas seg\u00fan la dentici\u00f3n y la funci\u00f3n, buscando restaurar la est\u00e9tica y funci\u00f3n dental de manera eficiente.<\/p>\n","protected":false},"author":4,"featured_media":0,"parent":0,"menu_order":0,"comment_status":"closed","ping_status":"closed","template":"","meta":{"footnotes":""},"class_list":["post-1055","page","type-page","status-publish","hentry"],"jetpack_sharing_enabled":true,"_links":{"self":[{"href":"https:\/\/dentalecodent.com\/index.php?rest_route=\/wp\/v2\/pages\/1055","targetHints":{"allow":["GET"]}}],"collection":[{"href":"https:\/\/dentalecodent.com\/index.php?rest_route=\/wp\/v2\/pages"}],"about":[{"href":"https:\/\/dentalecodent.com\/index.php?rest_route=\/wp\/v2\/types\/page"}],"author":[{"embeddable":true,"href":"https:\/\/dentalecodent.com\/index.php?rest_route=\/wp\/v2\/users\/4"}],"replies":[{"embeddable":true,"href":"https:\/\/dentalecodent.com\/index.php?rest_route=%2Fwp%2Fv2%2Fcomments&post=1055"}],"version-history":[{"count":1,"href":"https:\/\/dentalecodent.com\/index.php?rest_route=\/wp\/v2\/pages\/1055\/revisions"}],"predecessor-version":[{"id":1056,"href":"https:\/\/dentalecodent.com\/index.php?rest_route=\/wp\/v2\/pages\/1055\/revisions\/1056"}],"wp:attachment":[{"href":"https:\/\/dentalecodent.com\/index.php?rest_route=%2Fwp%2Fv2%2Fmedia&parent=1055"}],"curies":[{"name":"wp","href":"https:\/\/api.w.org\/{rel}","templated":true}]}}