{"id":1053,"date":"2025-05-17T19:15:33","date_gmt":"2025-05-18T01:15:33","guid":{"rendered":"https:\/\/dentalecodent.com\/?page_id=1053"},"modified":"2025-05-17T19:15:33","modified_gmt":"2025-05-18T01:15:33","slug":"servicios-2-2-2-2-3-2-5-45","status":"publish","type":"page","link":"https:\/\/dentalecodent.com\/?page_id=1053","title":{"rendered":"Selladores en fisuras y fosetas"},"content":{"rendered":"\n<p>Materiales pl\u00e1sticos o resinas aplicados sobre las superficies de masticaci\u00f3n de dientes permanentes, especialmente en molares y premolares, donde las fisuras y fosetas son m\u00e1s profundas y susceptibles a la acumulaci\u00f3n de placa y caries.<\/p>\n\n\n\n<p>El sellador act\u00faa como una <strong>barrera protectora que sella esos surcos<\/strong>, evitando la penetraci\u00f3n de bacterias y facilitando la limpieza dental.<\/p>\n\n\n\n<p class=\"has-foreground-color has-text-color has-link-color wp-elements-6024a94f259a4fae5410d3a0346b5395\">Es un m\u00e9todo preventivo r\u00e1pido, indoloro y eficaz para reducir el riesgo de caries en ni\u00f1os y adolescentes, pero tambi\u00e9n se utiliza en adultos con riesgo elevado.<\/p>\n\n\n\n<figure class=\"wp-block-image aligncenter size-full is-resized is-style-rounded\"><img loading=\"lazy\" decoding=\"async\" width=\"851\" height=\"315\" src=\"https:\/\/dentalecodent.com\/wp-content\/uploads\/2025\/05\/WhatsApp-Image-2025-05-16-at-20.50.34_a49e88b5.jpg\" alt=\"\" class=\"wp-image-995\" style=\"width:571px;height:auto\"\/><\/figure>\n","protected":false},"excerpt":{"rendered":"<p>Materiales pl\u00e1sticos o resinas aplicados sobre las superficies de masticaci\u00f3n de dientes permanentes, especialmente en molares y premolares, donde las fisuras y fosetas son m\u00e1s profundas y susceptibles a la acumulaci\u00f3n de placa y caries. El sellador act\u00faa como una barrera protectora que sella esos surcos, evitando la penetraci\u00f3n de bacterias y facilitando la limpieza [&hellip;]<\/p>\n","protected":false},"author":4,"featured_media":0,"parent":0,"menu_order":0,"comment_status":"closed","ping_status":"closed","template":"","meta":{"footnotes":""},"class_list":["post-1053","page","type-page","status-publish","hentry"],"jetpack_sharing_enabled":true,"_links":{"self":[{"href":"https:\/\/dentalecodent.com\/index.php?rest_route=\/wp\/v2\/pages\/1053","targetHints":{"allow":["GET"]}}],"collection":[{"href":"https:\/\/dentalecodent.com\/index.php?rest_route=\/wp\/v2\/pages"}],"about":[{"href":"https:\/\/dentalecodent.com\/index.php?rest_route=\/wp\/v2\/types\/page"}],"author":[{"embeddable":true,"href":"https:\/\/dentalecodent.com\/index.php?rest_route=\/wp\/v2\/users\/4"}],"replies":[{"embeddable":true,"href":"https:\/\/dentalecodent.com\/index.php?rest_route=%2Fwp%2Fv2%2Fcomments&post=1053"}],"version-history":[{"count":1,"href":"https:\/\/dentalecodent.com\/index.php?rest_route=\/wp\/v2\/pages\/1053\/revisions"}],"predecessor-version":[{"id":1054,"href":"https:\/\/dentalecodent.com\/index.php?rest_route=\/wp\/v2\/pages\/1053\/revisions\/1054"}],"wp:attachment":[{"href":"https:\/\/dentalecodent.com\/index.php?rest_route=%2Fwp%2Fv2%2Fmedia&parent=1053"}],"curies":[{"name":"wp","href":"https:\/\/api.w.org\/{rel}","templated":true}]}}