{"id":1041,"date":"2025-05-17T19:00:00","date_gmt":"2025-05-18T01:00:00","guid":{"rendered":"https:\/\/dentalecodent.com\/?page_id=1041"},"modified":"2025-05-17T19:00:00","modified_gmt":"2025-05-18T01:00:00","slug":"servicios-2-2-2-2-3-2-5-40","status":"publish","type":"page","link":"https:\/\/dentalecodent.com\/?page_id=1041","title":{"rendered":"Endodoncia de incisivos, caninos y premolares"},"content":{"rendered":"\n<p>Es el tratamiento de conducto enfocado en dientes anteriores y premolares, donde se <strong>remueve la pulpa dental da\u00f1ada o infectada<\/strong> para eliminar el dolor y prevenir infecciones.<\/p>\n\n\n\n<p>Estos dientes suelen tener conductos m\u00e1s simples y accesibles que molares, lo que facilita la limpieza, desinfecci\u00f3n y obturaci\u00f3n de los conductos radiculares.<\/p>\n\n\n\n<p class=\"has-foreground-color has-text-color has-link-color wp-elements-bc0f3f6fc3d632a7ca8f6c6498cc55aa\">El objetivo es conservar la estructura dental y la funci\u00f3n masticatoria, evitando la extracci\u00f3n y preparando el diente para restauraciones posteriores como coronas o composite.<\/p>\n\n\n\n<figure class=\"wp-block-image aligncenter size-full is-resized is-style-default\"><img loading=\"lazy\" decoding=\"async\" width=\"851\" height=\"315\" src=\"https:\/\/dentalecodent.com\/wp-content\/uploads\/2025\/05\/WhatsApp-Image-2025-05-16-at-20.50.34_a49e88b5.jpg\" alt=\"\" class=\"wp-image-995\" style=\"width:571px;height:auto\"\/><\/figure>\n","protected":false},"excerpt":{"rendered":"<p>Es el tratamiento de conducto enfocado en dientes anteriores y premolares, donde se remueve la pulpa dental da\u00f1ada o infectada para eliminar el dolor y prevenir infecciones. Estos dientes suelen tener conductos m\u00e1s simples y accesibles que molares, lo que facilita la limpieza, desinfecci\u00f3n y obturaci\u00f3n de los conductos radiculares. El objetivo es conservar la [&hellip;]<\/p>\n","protected":false},"author":4,"featured_media":0,"parent":0,"menu_order":0,"comment_status":"closed","ping_status":"closed","template":"","meta":{"footnotes":""},"class_list":["post-1041","page","type-page","status-publish","hentry"],"jetpack_sharing_enabled":true,"_links":{"self":[{"href":"https:\/\/dentalecodent.com\/index.php?rest_route=\/wp\/v2\/pages\/1041","targetHints":{"allow":["GET"]}}],"collection":[{"href":"https:\/\/dentalecodent.com\/index.php?rest_route=\/wp\/v2\/pages"}],"about":[{"href":"https:\/\/dentalecodent.com\/index.php?rest_route=\/wp\/v2\/types\/page"}],"author":[{"embeddable":true,"href":"https:\/\/dentalecodent.com\/index.php?rest_route=\/wp\/v2\/users\/4"}],"replies":[{"embeddable":true,"href":"https:\/\/dentalecodent.com\/index.php?rest_route=%2Fwp%2Fv2%2Fcomments&post=1041"}],"version-history":[{"count":1,"href":"https:\/\/dentalecodent.com\/index.php?rest_route=\/wp\/v2\/pages\/1041\/revisions"}],"predecessor-version":[{"id":1042,"href":"https:\/\/dentalecodent.com\/index.php?rest_route=\/wp\/v2\/pages\/1041\/revisions\/1042"}],"wp:attachment":[{"href":"https:\/\/dentalecodent.com\/index.php?rest_route=%2Fwp%2Fv2%2Fmedia&parent=1041"}],"curies":[{"name":"wp","href":"https:\/\/api.w.org\/{rel}","templated":true}]}}