{"id":1039,"date":"2025-05-17T18:57:42","date_gmt":"2025-05-18T00:57:42","guid":{"rendered":"https:\/\/dentalecodent.com\/?page_id=1039"},"modified":"2025-06-14T14:45:25","modified_gmt":"2025-06-14T20:45:25","slug":"servicios-2-2-2-2-3-2-5-39","status":"publish","type":"page","link":"https:\/\/dentalecodent.com\/?page_id=1039","title":{"rendered":"Pulpotomia"},"content":{"rendered":"\n<p>Procedimiento odontol\u00f3gico parcial en el que se <strong>remueve \u00fanicamente la porci\u00f3n inflamada o infectada de la pulpa dental<\/strong> ubicada en la corona del diente, preservando la pulpa sana en las ra\u00edces.<\/p>\n\n\n\n<p>Se utiliza principalmente en dientes temporales o j\u00f3venes con caries profundas, para mantener la vitalidad pulpar y permitir el desarrollo normal del diente.<\/p>\n\n\n\n<p class=\"has-foreground-color has-text-color has-link-color wp-elements-edeb6806e96d256181f4662b6250e63d\">Despu\u00e9s de la remoci\u00f3n, se aplica un material protector y se restaura el diente, evitando as\u00ed la extracci\u00f3n prematura.<\/p>\n\n\n\n<figure class=\"wp-block-image aligncenter size-full is-resized is-style-rounded\"><img loading=\"lazy\" decoding=\"async\" width=\"1014\" height=\"489\" src=\"https:\/\/dentalecodent.com\/wp-content\/uploads\/2025\/06\/pulpotomia_upscayl_3x_digital-art-4x.png\" alt=\"\" class=\"wp-image-1121\" style=\"width:571px;height:auto\" srcset=\"https:\/\/dentalecodent.com\/wp-content\/uploads\/2025\/06\/pulpotomia_upscayl_3x_digital-art-4x.png 1014w, https:\/\/dentalecodent.com\/wp-content\/uploads\/2025\/06\/pulpotomia_upscayl_3x_digital-art-4x-300x145.png 300w, https:\/\/dentalecodent.com\/wp-content\/uploads\/2025\/06\/pulpotomia_upscayl_3x_digital-art-4x-768x370.png 768w\" sizes=\"auto, (max-width: 1014px) 100vw, 1014px\" \/><\/figure>\n","protected":false},"excerpt":{"rendered":"<p>Procedimiento odontol\u00f3gico parcial en el que se remueve \u00fanicamente la porci\u00f3n inflamada o infectada de la pulpa dental ubicada en la corona del diente, preservando la pulpa sana en las ra\u00edces. Se utiliza principalmente en dientes temporales o j\u00f3venes con caries profundas, para mantener la vitalidad pulpar y permitir el desarrollo normal del diente. Despu\u00e9s [&hellip;]<\/p>\n","protected":false},"author":4,"featured_media":0,"parent":0,"menu_order":0,"comment_status":"closed","ping_status":"closed","template":"","meta":{"footnotes":""},"class_list":["post-1039","page","type-page","status-publish","hentry"],"jetpack_sharing_enabled":true,"_links":{"self":[{"href":"https:\/\/dentalecodent.com\/index.php?rest_route=\/wp\/v2\/pages\/1039","targetHints":{"allow":["GET"]}}],"collection":[{"href":"https:\/\/dentalecodent.com\/index.php?rest_route=\/wp\/v2\/pages"}],"about":[{"href":"https:\/\/dentalecodent.com\/index.php?rest_route=\/wp\/v2\/types\/page"}],"author":[{"embeddable":true,"href":"https:\/\/dentalecodent.com\/index.php?rest_route=\/wp\/v2\/users\/4"}],"replies":[{"embeddable":true,"href":"https:\/\/dentalecodent.com\/index.php?rest_route=%2Fwp%2Fv2%2Fcomments&post=1039"}],"version-history":[{"count":2,"href":"https:\/\/dentalecodent.com\/index.php?rest_route=\/wp\/v2\/pages\/1039\/revisions"}],"predecessor-version":[{"id":1122,"href":"https:\/\/dentalecodent.com\/index.php?rest_route=\/wp\/v2\/pages\/1039\/revisions\/1122"}],"wp:attachment":[{"href":"https:\/\/dentalecodent.com\/index.php?rest_route=%2Fwp%2Fv2%2Fmedia&parent=1039"}],"curies":[{"name":"wp","href":"https:\/\/api.w.org\/{rel}","templated":true}]}}