{"id":1037,"date":"2025-05-17T18:56:39","date_gmt":"2025-05-18T00:56:39","guid":{"rendered":"https:\/\/dentalecodent.com\/?page_id=1037"},"modified":"2025-06-14T14:43:32","modified_gmt":"2025-06-14T20:43:32","slug":"servicios-2-2-2-2-3-2-5-38","status":"publish","type":"page","link":"https:\/\/dentalecodent.com\/?page_id=1037","title":{"rendered":"Pulpectomia"},"content":{"rendered":"\n<p>Procedimiento dental que consiste en la <strong>remoci\u00f3n completa de la pulpa dental inflamada o infectada<\/strong> dentro de las c\u00e1maras y conductos radiculares.<\/p>\n\n\n\n<p>Se realiza como parte del tratamiento de conducto en dientes con caries profundas o trauma, para eliminar el tejido nervioso y prevenir infecciones.<\/p>\n\n\n\n<p class=\"has-foreground-color has-text-color has-link-color wp-elements-40bffd8322adcc6a67c36541fe7708ad\">Despu\u00e9s de la extracci\u00f3n de la pulpa, los conductos se limpian, desinfectan y rellenan para conservar el diente y evitar su extracci\u00f3n.<\/p>\n\n\n\n<figure class=\"wp-block-image aligncenter size-full is-resized is-style-default\"><img loading=\"lazy\" decoding=\"async\" width=\"948\" height=\"516\" src=\"https:\/\/dentalecodent.com\/wp-content\/uploads\/2025\/06\/Pulpectomia_upscayl_2x_digital-art-4x.png\" alt=\"\" class=\"wp-image-1119\" style=\"width:571px;height:auto\" srcset=\"https:\/\/dentalecodent.com\/wp-content\/uploads\/2025\/06\/Pulpectomia_upscayl_2x_digital-art-4x.png 948w, https:\/\/dentalecodent.com\/wp-content\/uploads\/2025\/06\/Pulpectomia_upscayl_2x_digital-art-4x-300x163.png 300w, https:\/\/dentalecodent.com\/wp-content\/uploads\/2025\/06\/Pulpectomia_upscayl_2x_digital-art-4x-768x418.png 768w\" sizes=\"auto, (max-width: 948px) 100vw, 948px\" \/><\/figure>\n","protected":false},"excerpt":{"rendered":"<p>Procedimiento dental que consiste en la remoci\u00f3n completa de la pulpa dental inflamada o infectada dentro de las c\u00e1maras y conductos radiculares. Se realiza como parte del tratamiento de conducto en dientes con caries profundas o trauma, para eliminar el tejido nervioso y prevenir infecciones. Despu\u00e9s de la extracci\u00f3n de la pulpa, los conductos se [&hellip;]<\/p>\n","protected":false},"author":4,"featured_media":0,"parent":0,"menu_order":0,"comment_status":"closed","ping_status":"closed","template":"","meta":{"footnotes":""},"class_list":["post-1037","page","type-page","status-publish","hentry"],"jetpack_sharing_enabled":true,"_links":{"self":[{"href":"https:\/\/dentalecodent.com\/index.php?rest_route=\/wp\/v2\/pages\/1037","targetHints":{"allow":["GET"]}}],"collection":[{"href":"https:\/\/dentalecodent.com\/index.php?rest_route=\/wp\/v2\/pages"}],"about":[{"href":"https:\/\/dentalecodent.com\/index.php?rest_route=\/wp\/v2\/types\/page"}],"author":[{"embeddable":true,"href":"https:\/\/dentalecodent.com\/index.php?rest_route=\/wp\/v2\/users\/4"}],"replies":[{"embeddable":true,"href":"https:\/\/dentalecodent.com\/index.php?rest_route=%2Fwp%2Fv2%2Fcomments&post=1037"}],"version-history":[{"count":2,"href":"https:\/\/dentalecodent.com\/index.php?rest_route=\/wp\/v2\/pages\/1037\/revisions"}],"predecessor-version":[{"id":1120,"href":"https:\/\/dentalecodent.com\/index.php?rest_route=\/wp\/v2\/pages\/1037\/revisions\/1120"}],"wp:attachment":[{"href":"https:\/\/dentalecodent.com\/index.php?rest_route=%2Fwp%2Fv2%2Fmedia&parent=1037"}],"curies":[{"name":"wp","href":"https:\/\/api.w.org\/{rel}","templated":true}]}}