{"id":1035,"date":"2025-05-17T18:55:03","date_gmt":"2025-05-18T00:55:03","guid":{"rendered":"https:\/\/dentalecodent.com\/?page_id=1035"},"modified":"2025-05-17T18:55:03","modified_gmt":"2025-05-18T00:55:03","slug":"servicios-2-2-2-2-3-2-5-37","status":"publish","type":"page","link":"https:\/\/dentalecodent.com\/?page_id=1035","title":{"rendered":"Extracci\u00f3n de quistes"},"content":{"rendered":"\n<p>Procedimiento quir\u00fargico para eliminar quistes odontog\u00e9nicos o no odontog\u00e9nicos que se forman en los tejidos \u00f3seos o blandos alrededor de los dientes.<\/p>\n\n\n\n<p>Los quistes son cavidades llenas de l\u00edquido o material semis\u00f3lido que pueden causar inflamaci\u00f3n, dolor, desplazamiento dental o da\u00f1o \u00f3seo si no se tratan.<\/p>\n\n\n\n<p class=\"has-foreground-color has-text-color has-link-color wp-elements-ec82f12048a49f135ab8ee166fe7f288\">La cirug\u00eda consiste en la incisi\u00f3n, drenaje y remoci\u00f3n completa del quiste, generalmente bajo anestesia local. El objetivo es eliminar la lesi\u00f3n, evitar complicaciones y favorecer la cicatrizaci\u00f3n del \u00e1rea afectada.<\/p>\n\n\n\n<figure class=\"wp-block-image aligncenter size-full is-resized is-style-default\"><img loading=\"lazy\" decoding=\"async\" width=\"1600\" height=\"901\" src=\"https:\/\/dentalecodent.com\/wp-content\/uploads\/2025\/05\/WhatsApp-Image-2025-05-11-at-21.03.52_38e6c1a3.jpg\" alt=\"\" class=\"wp-image-860\" style=\"width:571px;height:auto\"\/><\/figure>\n","protected":false},"excerpt":{"rendered":"<p>Procedimiento quir\u00fargico para eliminar quistes odontog\u00e9nicos o no odontog\u00e9nicos que se forman en los tejidos \u00f3seos o blandos alrededor de los dientes. Los quistes son cavidades llenas de l\u00edquido o material semis\u00f3lido que pueden causar inflamaci\u00f3n, dolor, desplazamiento dental o da\u00f1o \u00f3seo si no se tratan. La cirug\u00eda consiste en la incisi\u00f3n, drenaje y remoci\u00f3n [&hellip;]<\/p>\n","protected":false},"author":4,"featured_media":0,"parent":0,"menu_order":0,"comment_status":"closed","ping_status":"closed","template":"","meta":{"footnotes":""},"class_list":["post-1035","page","type-page","status-publish","hentry"],"jetpack_sharing_enabled":true,"_links":{"self":[{"href":"https:\/\/dentalecodent.com\/index.php?rest_route=\/wp\/v2\/pages\/1035","targetHints":{"allow":["GET"]}}],"collection":[{"href":"https:\/\/dentalecodent.com\/index.php?rest_route=\/wp\/v2\/pages"}],"about":[{"href":"https:\/\/dentalecodent.com\/index.php?rest_route=\/wp\/v2\/types\/page"}],"author":[{"embeddable":true,"href":"https:\/\/dentalecodent.com\/index.php?rest_route=\/wp\/v2\/users\/4"}],"replies":[{"embeddable":true,"href":"https:\/\/dentalecodent.com\/index.php?rest_route=%2Fwp%2Fv2%2Fcomments&post=1035"}],"version-history":[{"count":1,"href":"https:\/\/dentalecodent.com\/index.php?rest_route=\/wp\/v2\/pages\/1035\/revisions"}],"predecessor-version":[{"id":1036,"href":"https:\/\/dentalecodent.com\/index.php?rest_route=\/wp\/v2\/pages\/1035\/revisions\/1036"}],"wp:attachment":[{"href":"https:\/\/dentalecodent.com\/index.php?rest_route=%2Fwp%2Fv2%2Fmedia&parent=1035"}],"curies":[{"name":"wp","href":"https:\/\/api.w.org\/{rel}","templated":true}]}}