{"id":1033,"date":"2025-05-17T18:54:04","date_gmt":"2025-05-18T00:54:04","guid":{"rendered":"https:\/\/dentalecodent.com\/?page_id=1033"},"modified":"2025-05-17T18:54:04","modified_gmt":"2025-05-18T00:54:04","slug":"servicios-2-2-2-2-3-2-5-36","status":"publish","type":"page","link":"https:\/\/dentalecodent.com\/?page_id=1033","title":{"rendered":"Retiro de torus"},"content":{"rendered":"\n<p>Procedimiento quir\u00fargico para eliminar <strong>torus<\/strong>, que son protuberancias \u00f3seas benignas y exageradas que se forman en el paladar (torus palatino) o en la mand\u00edbula (torus mandibular).<\/p>\n\n\n\n<p>Se realiza cuando estos crecimientos causan molestias, dificultan la colocaci\u00f3n de pr\u00f3tesis dentales o generan problemas funcionales.<\/p>\n\n\n\n<p class=\"has-foreground-color has-text-color has-link-color wp-elements-da970e1b33339731395ce7127d867f16\">La cirug\u00eda implica la remoci\u00f3n del exceso \u00f3seo bajo anestesia local o sedaci\u00f3n, con el objetivo de mejorar la comodidad y la adaptaci\u00f3n de dispositivos dentales.<\/p>\n\n\n\n<figure class=\"wp-block-image aligncenter size-full is-resized is-style-default\"><img loading=\"lazy\" decoding=\"async\" width=\"1600\" height=\"901\" src=\"https:\/\/dentalecodent.com\/wp-content\/uploads\/2025\/05\/WhatsApp-Image-2025-05-11-at-21.03.52_38e6c1a3.jpg\" alt=\"\" class=\"wp-image-860\" style=\"width:571px;height:auto\"\/><\/figure>\n","protected":false},"excerpt":{"rendered":"<p>Procedimiento quir\u00fargico para eliminar torus, que son protuberancias \u00f3seas benignas y exageradas que se forman en el paladar (torus palatino) o en la mand\u00edbula (torus mandibular). Se realiza cuando estos crecimientos causan molestias, dificultan la colocaci\u00f3n de pr\u00f3tesis dentales o generan problemas funcionales. La cirug\u00eda implica la remoci\u00f3n del exceso \u00f3seo bajo anestesia local o [&hellip;]<\/p>\n","protected":false},"author":4,"featured_media":0,"parent":0,"menu_order":0,"comment_status":"closed","ping_status":"closed","template":"","meta":{"footnotes":""},"class_list":["post-1033","page","type-page","status-publish","hentry"],"jetpack_sharing_enabled":true,"_links":{"self":[{"href":"https:\/\/dentalecodent.com\/index.php?rest_route=\/wp\/v2\/pages\/1033","targetHints":{"allow":["GET"]}}],"collection":[{"href":"https:\/\/dentalecodent.com\/index.php?rest_route=\/wp\/v2\/pages"}],"about":[{"href":"https:\/\/dentalecodent.com\/index.php?rest_route=\/wp\/v2\/types\/page"}],"author":[{"embeddable":true,"href":"https:\/\/dentalecodent.com\/index.php?rest_route=\/wp\/v2\/users\/4"}],"replies":[{"embeddable":true,"href":"https:\/\/dentalecodent.com\/index.php?rest_route=%2Fwp%2Fv2%2Fcomments&post=1033"}],"version-history":[{"count":1,"href":"https:\/\/dentalecodent.com\/index.php?rest_route=\/wp\/v2\/pages\/1033\/revisions"}],"predecessor-version":[{"id":1034,"href":"https:\/\/dentalecodent.com\/index.php?rest_route=\/wp\/v2\/pages\/1033\/revisions\/1034"}],"wp:attachment":[{"href":"https:\/\/dentalecodent.com\/index.php?rest_route=%2Fwp%2Fv2%2Fmedia&parent=1033"}],"curies":[{"name":"wp","href":"https:\/\/api.w.org\/{rel}","templated":true}]}}