{"id":1023,"date":"2025-05-17T18:48:27","date_gmt":"2025-05-18T00:48:27","guid":{"rendered":"https:\/\/dentalecodent.com\/?page_id=1023"},"modified":"2025-05-17T18:48:27","modified_gmt":"2025-05-18T00:48:27","slug":"servicios-2-2-2-2-3-2-5-32","status":"publish","type":"page","link":"https:\/\/dentalecodent.com\/?page_id=1023","title":{"rendered":"Curetajes"},"content":{"rendered":"\n<p>Procedimiento periodontal que consiste en la <strong>limpieza profunda de las bolsas periodontales<\/strong>, eliminando placa bacteriana, sarro y tejido inflamado debajo de la enc\u00eda.<\/p>\n\n\n\n<p>Su objetivo es <strong>detener la progresi\u00f3n de la enfermedad periodontal (gingivitis o periodontitis), reducir la inflamaci\u00f3n y promover la cicatrizaci\u00f3n de las enc\u00edas<\/strong>.<\/p>\n\n\n\n<p>Se realiza con instrumentos especiales llamados curetas y es fundamental para mantener la salud periodontal a largo plazo.<\/p>\n\n\n\n<figure class=\"wp-block-image aligncenter size-full is-resized is-style-default\"><img loading=\"lazy\" decoding=\"async\" width=\"1080\" height=\"1080\" src=\"https:\/\/dentalecodent.com\/wp-content\/uploads\/2025\/05\/WhatsApp-Image-2025-05-11-at-21.03.53_c79c8f6c.jpg\" alt=\"\" class=\"wp-image-871\" style=\"width:571px;height:auto\"\/><\/figure>\n","protected":false},"excerpt":{"rendered":"<p>Procedimiento periodontal que consiste en la limpieza profunda de las bolsas periodontales, eliminando placa bacteriana, sarro y tejido inflamado debajo de la enc\u00eda. Su objetivo es detener la progresi\u00f3n de la enfermedad periodontal (gingivitis o periodontitis), reducir la inflamaci\u00f3n y promover la cicatrizaci\u00f3n de las enc\u00edas. Se realiza con instrumentos especiales llamados curetas y es [&hellip;]<\/p>\n","protected":false},"author":4,"featured_media":0,"parent":0,"menu_order":0,"comment_status":"closed","ping_status":"closed","template":"","meta":{"footnotes":""},"class_list":["post-1023","page","type-page","status-publish","hentry"],"jetpack_sharing_enabled":true,"_links":{"self":[{"href":"https:\/\/dentalecodent.com\/index.php?rest_route=\/wp\/v2\/pages\/1023","targetHints":{"allow":["GET"]}}],"collection":[{"href":"https:\/\/dentalecodent.com\/index.php?rest_route=\/wp\/v2\/pages"}],"about":[{"href":"https:\/\/dentalecodent.com\/index.php?rest_route=\/wp\/v2\/types\/page"}],"author":[{"embeddable":true,"href":"https:\/\/dentalecodent.com\/index.php?rest_route=\/wp\/v2\/users\/4"}],"replies":[{"embeddable":true,"href":"https:\/\/dentalecodent.com\/index.php?rest_route=%2Fwp%2Fv2%2Fcomments&post=1023"}],"version-history":[{"count":1,"href":"https:\/\/dentalecodent.com\/index.php?rest_route=\/wp\/v2\/pages\/1023\/revisions"}],"predecessor-version":[{"id":1024,"href":"https:\/\/dentalecodent.com\/index.php?rest_route=\/wp\/v2\/pages\/1023\/revisions\/1024"}],"wp:attachment":[{"href":"https:\/\/dentalecodent.com\/index.php?rest_route=%2Fwp%2Fv2%2Fmedia&parent=1023"}],"curies":[{"name":"wp","href":"https:\/\/api.w.org\/{rel}","templated":true}]}}