{"id":1015,"date":"2025-05-16T23:03:26","date_gmt":"2025-05-17T05:03:26","guid":{"rendered":"https:\/\/dentalecodent.com\/?page_id=1015"},"modified":"2025-06-14T14:33:52","modified_gmt":"2025-06-14T20:33:52","slug":"servicios-2-2-2-2-3-2-5-29","status":"publish","type":"page","link":"https:\/\/dentalecodent.com\/?page_id=1015","title":{"rendered":"Guardas o mantenedores de uso diurno y nocturno"},"content":{"rendered":"\n<p>Son <strong>dispositivos intraorales personalizados<\/strong> que se utilizan para <strong>proteger los dientes, controlar h\u00e1bitos o mantener posiciones dentales<\/strong> seg\u00fan el diagn\u00f3stico cl\u00ednico. Su uso puede ser <strong>diurno, nocturno o ambos<\/strong>, dependiendo del objetivo del tratamiento.<\/p>\n\n\n\n<p>Tipos y funciones:<\/p>\n\n\n\n<ul class=\"wp-block-list\">\n<li><strong>Guardas nocturnas (f\u00e9rulas de bruxismo):<\/strong> Se usan durante el sue\u00f1o para <strong>prevenir el desgaste dental<\/strong> causado por el rechinamiento o apretamiento (bruxismo).<\/li>\n\n\n\n<li><strong>Guardas diurnas:<\/strong> Indicadas en casos donde el bruxismo es constante o hay <strong>alteraciones funcionales mandibulares<\/strong> durante el d\u00eda. Tambi\u00e9n se usan en terapias temporomandibulares.<\/li>\n\n\n\n<li><strong>Mantenedores de espacio:<\/strong> Se colocan en pacientes en crecimiento (generalmente ni\u00f1os) para <strong>conservar el espacio dental<\/strong> despu\u00e9s de una p\u00e9rdida prematura, evitando desplazamientos indeseados.<\/li>\n<\/ul>\n\n\n\n<p class=\"has-foreground-color has-text-color has-link-color wp-elements-2c6db8ed67211f640058406d51b13041\">Estos aparatos son clave en tratamientos de <strong>ortodoncia, rehabilitaci\u00f3n oral y control de h\u00e1bitos parafuncionales<\/strong>, y deben ser elaborados a medida por el odont\u00f3logo.<\/p>\n\n\n\n<figure class=\"wp-block-image aligncenter size-full is-resized is-style-default\"><img loading=\"lazy\" decoding=\"async\" width=\"1080\" height=\"1080\" src=\"https:\/\/dentalecodent.com\/wp-content\/uploads\/2025\/05\/WhatsApp-Image-2025-05-16-at-20.50.34_b77e8298.jpg\" alt=\"\" class=\"wp-image-998\" style=\"width:571px;height:auto\"\/><\/figure>\n","protected":false},"excerpt":{"rendered":"<p>Son dispositivos intraorales personalizados que se utilizan para proteger los dientes, controlar h\u00e1bitos o mantener posiciones dentales seg\u00fan el diagn\u00f3stico cl\u00ednico. Su uso puede ser diurno, nocturno o ambos, dependiendo del objetivo del tratamiento. Tipos y funciones: Estos aparatos son clave en tratamientos de ortodoncia, rehabilitaci\u00f3n oral y control de h\u00e1bitos parafuncionales, y deben ser [&hellip;]<\/p>\n","protected":false},"author":4,"featured_media":0,"parent":0,"menu_order":0,"comment_status":"closed","ping_status":"closed","template":"","meta":{"footnotes":""},"class_list":["post-1015","page","type-page","status-publish","hentry"],"jetpack_sharing_enabled":true,"_links":{"self":[{"href":"https:\/\/dentalecodent.com\/index.php?rest_route=\/wp\/v2\/pages\/1015","targetHints":{"allow":["GET"]}}],"collection":[{"href":"https:\/\/dentalecodent.com\/index.php?rest_route=\/wp\/v2\/pages"}],"about":[{"href":"https:\/\/dentalecodent.com\/index.php?rest_route=\/wp\/v2\/types\/page"}],"author":[{"embeddable":true,"href":"https:\/\/dentalecodent.com\/index.php?rest_route=\/wp\/v2\/users\/4"}],"replies":[{"embeddable":true,"href":"https:\/\/dentalecodent.com\/index.php?rest_route=%2Fwp%2Fv2%2Fcomments&post=1015"}],"version-history":[{"count":2,"href":"https:\/\/dentalecodent.com\/index.php?rest_route=\/wp\/v2\/pages\/1015\/revisions"}],"predecessor-version":[{"id":1111,"href":"https:\/\/dentalecodent.com\/index.php?rest_route=\/wp\/v2\/pages\/1015\/revisions\/1111"}],"wp:attachment":[{"href":"https:\/\/dentalecodent.com\/index.php?rest_route=%2Fwp%2Fv2%2Fmedia&parent=1015"}],"curies":[{"name":"wp","href":"https:\/\/api.w.org\/{rel}","templated":true}]}}