{"id":1008,"date":"2025-05-16T22:54:30","date_gmt":"2025-05-17T04:54:30","guid":{"rendered":"https:\/\/dentalecodent.com\/?page_id=1008"},"modified":"2025-06-14T14:30:22","modified_gmt":"2025-06-14T20:30:22","slug":"servicios-2-2-2-2-3-2-5-27","status":"publish","type":"page","link":"https:\/\/dentalecodent.com\/?page_id=1008","title":{"rendered":"Coronas de cromo, oro, resina, porcelana o circonia"},"content":{"rendered":"\n<p>Son <strong>restauraciones fijas<\/strong> que cubren completamente un diente da\u00f1ado o debilitado, devolvi\u00e9ndole su forma, funci\u00f3n y est\u00e9tica. El material se elige seg\u00fan las necesidades cl\u00ednicas, est\u00e9ticas y presupuestales del paciente:<\/p>\n\n\n\n<ul class=\"wp-block-list\">\n<li><strong>Cromo (cromo-cobalto):<\/strong> Muy resistente, ideal para molares; poco est\u00e9tico por su color met\u00e1lico.<\/li>\n\n\n\n<li><strong>Oro:<\/strong> Extremadamente duradero y biocompatible; excelente para zonas no visibles, aunque costoso y poco est\u00e9tico.<\/li>\n\n\n\n<li><strong>Resina:<\/strong> Econ\u00f3mica y de uso temporal; menos resistente al desgaste y a fracturas.<\/li>\n\n\n\n<li><strong>Porcelana:<\/strong> Alta est\u00e9tica y buena resistencia; ideal para dientes anteriores.<\/li>\n\n\n\n<li><strong>Circonia:<\/strong> Material cer\u00e1mico de <strong>alta resistencia y excelente est\u00e9tica<\/strong>. Ideal para restauraciones duraderas y visibles.<\/li>\n<\/ul>\n\n\n\n<p class=\"has-foreground-color has-text-color has-link-color wp-elements-4d7ef1011fbd395829740e01ea75bd4c\">La elecci\u00f3n del material depende de factores como la <strong>posici\u00f3n del diente, exigencias est\u00e9ticas, h\u00e1bitos del paciente<\/strong> y presupuesto disponible.<\/p>\n\n\n\n<figure class=\"wp-block-image aligncenter size-full is-resized is-style-default\"><img loading=\"lazy\" decoding=\"async\" width=\"1080\" height=\"1080\" src=\"https:\/\/dentalecodent.com\/wp-content\/uploads\/2025\/05\/WhatsApp-Image-2025-05-16-at-20.50.34_b77e8298.jpg\" alt=\"\" class=\"wp-image-998\" style=\"width:571px;height:auto\"\/><\/figure>\n","protected":false},"excerpt":{"rendered":"<p>Son restauraciones fijas que cubren completamente un diente da\u00f1ado o debilitado, devolvi\u00e9ndole su forma, funci\u00f3n y est\u00e9tica. El material se elige seg\u00fan las necesidades cl\u00ednicas, est\u00e9ticas y presupuestales del paciente: La elecci\u00f3n del material depende de factores como la posici\u00f3n del diente, exigencias est\u00e9ticas, h\u00e1bitos del paciente y presupuesto disponible.<\/p>\n","protected":false},"author":4,"featured_media":0,"parent":0,"menu_order":0,"comment_status":"closed","ping_status":"closed","template":"","meta":{"footnotes":""},"class_list":["post-1008","page","type-page","status-publish","hentry"],"jetpack_sharing_enabled":true,"_links":{"self":[{"href":"https:\/\/dentalecodent.com\/index.php?rest_route=\/wp\/v2\/pages\/1008","targetHints":{"allow":["GET"]}}],"collection":[{"href":"https:\/\/dentalecodent.com\/index.php?rest_route=\/wp\/v2\/pages"}],"about":[{"href":"https:\/\/dentalecodent.com\/index.php?rest_route=\/wp\/v2\/types\/page"}],"author":[{"embeddable":true,"href":"https:\/\/dentalecodent.com\/index.php?rest_route=\/wp\/v2\/users\/4"}],"replies":[{"embeddable":true,"href":"https:\/\/dentalecodent.com\/index.php?rest_route=%2Fwp%2Fv2%2Fcomments&post=1008"}],"version-history":[{"count":3,"href":"https:\/\/dentalecodent.com\/index.php?rest_route=\/wp\/v2\/pages\/1008\/revisions"}],"predecessor-version":[{"id":1104,"href":"https:\/\/dentalecodent.com\/index.php?rest_route=\/wp\/v2\/pages\/1008\/revisions\/1104"}],"wp:attachment":[{"href":"https:\/\/dentalecodent.com\/index.php?rest_route=%2Fwp%2Fv2%2Fmedia&parent=1008"}],"curies":[{"name":"wp","href":"https:\/\/api.w.org\/{rel}","templated":true}]}}