{"id":1006,"date":"2025-05-16T22:52:33","date_gmt":"2025-05-17T04:52:33","guid":{"rendered":"https:\/\/dentalecodent.com\/?page_id=1006"},"modified":"2025-06-14T14:30:05","modified_gmt":"2025-06-14T20:30:05","slug":"servicios-2-2-2-2-3-2-5-26","status":"publish","type":"page","link":"https:\/\/dentalecodent.com\/?page_id=1006","title":{"rendered":"Puentes movibles resina flexible"},"content":{"rendered":"\n<p>Son <strong>pr\u00f3tesis parciales removibles<\/strong> elaboradas con una base de <strong>resina flexible<\/strong>, un material m\u00e1s <strong>ligero, c\u00f3modo y est\u00e9tico<\/strong>, ideal para adaptarse a las enc\u00edas y tejidos blandos sin causar molestias.<\/p>\n\n\n\n<p>Los <strong>dientes artificiales<\/strong> tambi\u00e9n est\u00e1n hechos de resina, lo que permite un resultado <strong>funcional y visualmente agradable<\/strong>, aunque con menor resistencia al desgaste en comparaci\u00f3n con la porcelana.<\/p>\n\n\n\n<p class=\"has-foreground-color has-text-color has-link-color wp-elements-ee3d4a9f817c8ee4b90c4bda88654a47\">Este tipo de pr\u00f3tesis es recomendado para pacientes que buscan una <strong>opci\u00f3n est\u00e9tica, econ\u00f3mica y menos invasiva<\/strong>, especialmente cuando la p\u00e9rdida dental no es muy extensa. Adem\u00e1s, <strong>no requiere ganchos met\u00e1licos visibles<\/strong>, lo que mejora su apariencia.<\/p>\n\n\n\n<figure class=\"wp-block-image aligncenter size-full is-resized is-style-default\"><img loading=\"lazy\" decoding=\"async\" width=\"1080\" height=\"1080\" src=\"https:\/\/dentalecodent.com\/wp-content\/uploads\/2025\/05\/WhatsApp-Image-2025-05-16-at-20.50.34_b77e8298.jpg\" alt=\"\" class=\"wp-image-998\" style=\"width:571px;height:auto\"\/><\/figure>\n","protected":false},"excerpt":{"rendered":"<p>Son pr\u00f3tesis parciales removibles elaboradas con una base de resina flexible, un material m\u00e1s ligero, c\u00f3modo y est\u00e9tico, ideal para adaptarse a las enc\u00edas y tejidos blandos sin causar molestias. Los dientes artificiales tambi\u00e9n est\u00e1n hechos de resina, lo que permite un resultado funcional y visualmente agradable, aunque con menor resistencia al desgaste en comparaci\u00f3n [&hellip;]<\/p>\n","protected":false},"author":4,"featured_media":0,"parent":0,"menu_order":0,"comment_status":"closed","ping_status":"closed","template":"","meta":{"footnotes":""},"class_list":["post-1006","page","type-page","status-publish","hentry"],"jetpack_sharing_enabled":true,"_links":{"self":[{"href":"https:\/\/dentalecodent.com\/index.php?rest_route=\/wp\/v2\/pages\/1006","targetHints":{"allow":["GET"]}}],"collection":[{"href":"https:\/\/dentalecodent.com\/index.php?rest_route=\/wp\/v2\/pages"}],"about":[{"href":"https:\/\/dentalecodent.com\/index.php?rest_route=\/wp\/v2\/types\/page"}],"author":[{"embeddable":true,"href":"https:\/\/dentalecodent.com\/index.php?rest_route=\/wp\/v2\/users\/4"}],"replies":[{"embeddable":true,"href":"https:\/\/dentalecodent.com\/index.php?rest_route=%2Fwp%2Fv2%2Fcomments&post=1006"}],"version-history":[{"count":4,"href":"https:\/\/dentalecodent.com\/index.php?rest_route=\/wp\/v2\/pages\/1006\/revisions"}],"predecessor-version":[{"id":1103,"href":"https:\/\/dentalecodent.com\/index.php?rest_route=\/wp\/v2\/pages\/1006\/revisions\/1103"}],"wp:attachment":[{"href":"https:\/\/dentalecodent.com\/index.php?rest_route=%2Fwp%2Fv2%2Fmedia&parent=1006"}],"curies":[{"name":"wp","href":"https:\/\/api.w.org\/{rel}","templated":true}]}}