{"id":1004,"date":"2025-05-16T22:51:16","date_gmt":"2025-05-17T04:51:16","guid":{"rendered":"https:\/\/dentalecodent.com\/?page_id=1004"},"modified":"2025-06-14T14:29:50","modified_gmt":"2025-06-14T20:29:50","slug":"servicios-2-2-2-2-3-2-5-25","status":"publish","type":"page","link":"https:\/\/dentalecodent.com\/?page_id=1004","title":{"rendered":"Puentes movibles de cromo cobalto"},"content":{"rendered":"\n<p>Son <strong>pr\u00f3tesis parciales removibles<\/strong> fabricadas con una estructura met\u00e1lica interna de <strong>cromo cobalto<\/strong>, lo que les da <strong>firmeza, ligereza y durabilidad<\/strong>. Sobre esta base se colocan dientes artificiales hechos de <strong>resina (m\u00e1s ligeros y econ\u00f3micos)<\/strong> o <strong>porcelana (m\u00e1s est\u00e9ticos y resistentes).<\/strong><\/p>\n\n\n\n<p class=\"has-foreground-color has-text-color has-link-color wp-elements-d5cfece1b1c5c0d6a1de74807d4e1b46\">Se utilizan en pacientes que han perdido varios dientes, pero a\u00fan conservan algunas piezas naturales, las cuales sirven de <strong>anclaje<\/strong> para sostener el puente. Son una soluci\u00f3n funcional y est\u00e9tica que permite <strong>retirar y limpiar la pr\u00f3tesis f\u00e1cilmente<\/strong>, sin comprometer tanto la estructura dental como una pr\u00f3tesis fija.<\/p>\n\n\n\n<figure class=\"wp-block-image aligncenter size-full is-resized is-style-default\"><img loading=\"lazy\" decoding=\"async\" width=\"1080\" height=\"1080\" src=\"https:\/\/dentalecodent.com\/wp-content\/uploads\/2025\/05\/WhatsApp-Image-2025-05-16-at-20.50.34_b77e8298.jpg\" alt=\"\" class=\"wp-image-998\" style=\"width:571px;height:auto\"\/><\/figure>\n","protected":false},"excerpt":{"rendered":"<p>Son pr\u00f3tesis parciales removibles fabricadas con una estructura met\u00e1lica interna de cromo cobalto, lo que les da firmeza, ligereza y durabilidad. Sobre esta base se colocan dientes artificiales hechos de resina (m\u00e1s ligeros y econ\u00f3micos) o porcelana (m\u00e1s est\u00e9ticos y resistentes). Se utilizan en pacientes que han perdido varios dientes, pero a\u00fan conservan algunas piezas [&hellip;]<\/p>\n","protected":false},"author":4,"featured_media":0,"parent":0,"menu_order":0,"comment_status":"closed","ping_status":"closed","template":"","meta":{"footnotes":""},"class_list":["post-1004","page","type-page","status-publish","hentry"],"jetpack_sharing_enabled":true,"_links":{"self":[{"href":"https:\/\/dentalecodent.com\/index.php?rest_route=\/wp\/v2\/pages\/1004","targetHints":{"allow":["GET"]}}],"collection":[{"href":"https:\/\/dentalecodent.com\/index.php?rest_route=\/wp\/v2\/pages"}],"about":[{"href":"https:\/\/dentalecodent.com\/index.php?rest_route=\/wp\/v2\/types\/page"}],"author":[{"embeddable":true,"href":"https:\/\/dentalecodent.com\/index.php?rest_route=\/wp\/v2\/users\/4"}],"replies":[{"embeddable":true,"href":"https:\/\/dentalecodent.com\/index.php?rest_route=%2Fwp%2Fv2%2Fcomments&post=1004"}],"version-history":[{"count":3,"href":"https:\/\/dentalecodent.com\/index.php?rest_route=\/wp\/v2\/pages\/1004\/revisions"}],"predecessor-version":[{"id":1102,"href":"https:\/\/dentalecodent.com\/index.php?rest_route=\/wp\/v2\/pages\/1004\/revisions\/1102"}],"wp:attachment":[{"href":"https:\/\/dentalecodent.com\/index.php?rest_route=%2Fwp%2Fv2%2Fmedia&parent=1004"}],"curies":[{"name":"wp","href":"https:\/\/api.w.org\/{rel}","templated":true}]}}