{"id":1001,"date":"2025-05-16T22:49:08","date_gmt":"2025-05-17T04:49:08","guid":{"rendered":"https:\/\/dentalecodent.com\/?page_id=1001"},"modified":"2025-07-06T20:05:04","modified_gmt":"2025-07-07T02:05:04","slug":"servicios-2-2-2-2-3-2-5-24","status":"publish","type":"page","link":"https:\/\/dentalecodent.com\/?page_id=1001","title":{"rendered":"Placas de base resina con dientes de resina totales y parciales"},"content":{"rendered":"\n<p>Son <strong>pr\u00f3tesis dentales removibles<\/strong> hechas completamente de fabricadas con resina, metal o una combinaci\u00f3n de ambas.<\/p>\n\n\n\n<ul class=\"wp-block-list\">\n<li><strong>Totales:<\/strong> Indicadas cuando el paciente ha <strong>perdido todos los dientes<\/strong> de una arcada.<\/li>\n\n\n\n<li><strong>Parciales:<\/strong> Se usan cuando <strong>a\u00fan quedan algunos dientes naturales<\/strong>, y la pr\u00f3tesis se adapta entre ellos para completar la dentadura.<\/li>\n<\/ul>\n\n\n\n<p class=\"has-foreground-color has-text-color has-link-color wp-elements-d1a71690177a423d6fa7672bb770eba5\">Los <strong>dientes de resina<\/strong> son m\u00e1s ligeros, menos costosos y m\u00e1s f\u00e1ciles de ajustar que los de porcelana, aunque tienen menor resistencia al desgaste. Son una soluci\u00f3n funcional y est\u00e9tica para <strong>restaurar la sonrisa y la capacidad de masticar<\/strong>.<\/p>\n\n\n\n<figure class=\"wp-block-image aligncenter size-full is-resized is-style-default\"><img loading=\"lazy\" decoding=\"async\" width=\"1080\" height=\"1080\" src=\"https:\/\/dentalecodent.com\/wp-content\/uploads\/2025\/05\/WhatsApp-Image-2025-05-16-at-20.50.34_b77e8298.jpg\" alt=\"\" class=\"wp-image-998\" style=\"width:571px;height:auto\"\/><\/figure>\n","protected":false},"excerpt":{"rendered":"<p>Son pr\u00f3tesis dentales removibles hechas completamente de fabricadas con resina, metal o una combinaci\u00f3n de ambas. Los dientes de resina son m\u00e1s ligeros, menos costosos y m\u00e1s f\u00e1ciles de ajustar que los de porcelana, aunque tienen menor resistencia al desgaste. Son una soluci\u00f3n funcional y est\u00e9tica para restaurar la sonrisa y la capacidad de masticar.<\/p>\n","protected":false},"author":4,"featured_media":0,"parent":0,"menu_order":0,"comment_status":"closed","ping_status":"closed","template":"","meta":{"footnotes":""},"class_list":["post-1001","page","type-page","status-publish","hentry"],"jetpack_sharing_enabled":true,"_links":{"self":[{"href":"https:\/\/dentalecodent.com\/index.php?rest_route=\/wp\/v2\/pages\/1001","targetHints":{"allow":["GET"]}}],"collection":[{"href":"https:\/\/dentalecodent.com\/index.php?rest_route=\/wp\/v2\/pages"}],"about":[{"href":"https:\/\/dentalecodent.com\/index.php?rest_route=\/wp\/v2\/types\/page"}],"author":[{"embeddable":true,"href":"https:\/\/dentalecodent.com\/index.php?rest_route=\/wp\/v2\/users\/4"}],"replies":[{"embeddable":true,"href":"https:\/\/dentalecodent.com\/index.php?rest_route=%2Fwp%2Fv2%2Fcomments&post=1001"}],"version-history":[{"count":4,"href":"https:\/\/dentalecodent.com\/index.php?rest_route=\/wp\/v2\/pages\/1001\/revisions"}],"predecessor-version":[{"id":1154,"href":"https:\/\/dentalecodent.com\/index.php?rest_route=\/wp\/v2\/pages\/1001\/revisions\/1154"}],"wp:attachment":[{"href":"https:\/\/dentalecodent.com\/index.php?rest_route=%2Fwp%2Fv2%2Fmedia&parent=1001"}],"curies":[{"name":"wp","href":"https:\/\/api.w.org\/{rel}","templated":true}]}}